{"id":4058,"date":"2017-05-24T16:06:48","date_gmt":"2017-05-24T19:06:48","guid":{"rendered":"http:\/\/iyengarbrasil.com\/?page_id=4058"},"modified":"2024-12-26T11:20:13","modified_gmt":"2024-12-26T14:20:13","slug":"quem-somos","status":"publish","type":"page","link":"https:\/\/iyengarbrasil.com\/en\/quem-somos\/","title":{"rendered":"ABOUT US"},"content":{"rendered":"<div data-elementor-type=\"wp-page\" data-elementor-id=\"4058\" class=\"elementor elementor-4058\">\n\t\t\t\t\t\t<section class=\"elementor-section elementor-top-section elementor-element elementor-element-1988f5f0 elementor-section-stretched elementor-section-height-min-height elementor-section-boxed elementor-section-height-default elementor-section-items-middle exad-glass-effect-no exad-sticky-section-no\" data-id=\"1988f5f0\" data-element_type=\"section\" data-e-type=\"section\" data-settings=\"{&quot;stretch_section&quot;:&quot;section-stretched&quot;,&quot;background_background&quot;:&quot;classic&quot;,&quot;shape_divider_bottom&quot;:&quot;mountains&quot;}\">\n\t\t\t\t\t\t\t<div class=\"elementor-background-overlay\"><\/div>\n\t\t\t\t\t\t<div class=\"elementor-shape elementor-shape-bottom\" aria-hidden=\"true\" data-negative=\"false\">\n\t\t\t<svg xmlns=\"http:\/\/www.w3.org\/2000\/svg\" viewbox=\"0 0 1000 100\" preserveaspectratio=\"none\">\n\t<path class=\"elementor-shape-fill\" opacity=\"0.33\" d=\"M473,67.3c-203.9,88.3-263.1-34-320.3,0C66,119.1,0,59.7,0,59.7V0h1000v59.7 c0,0-62.1,26.1-94.9,29.3c-32.8,3.3-62.8-12.3-75.8-22.1C806,49.6,745.3,8.7,694.9,4.7S492.4,59,473,67.3z\"\/>\n\t<path class=\"elementor-shape-fill\" opacity=\"0.66\" d=\"M734,67.3c-45.5,0-77.2-23.2-129.1-39.1c-28.6-8.7-150.3-10.1-254,39.1 s-91.7-34.4-149.2,0C115.7,118.3,0,39.8,0,39.8V0h1000v36.5c0,0-28.2-18.5-92.1-18.5C810.2,18.1,775.7,67.3,734,67.3z\"\/>\n\t<path class=\"elementor-shape-fill\" d=\"M766.1,28.9c-200-57.5-266,65.5-395.1,19.5C242,1.8,242,5.4,184.8,20.6C128,35.8,132.3,44.9,89.9,52.5C28.6,63.7,0,0,0,0 h1000c0,0-9.9,40.9-83.6,48.1S829.6,47,766.1,28.9z\"\/>\n<\/svg>\t\t<\/div>\n\t\t\t\t\t<div class=\"elementor-container elementor-column-gap-default\">\n\t\t\t\t\t<div class=\"elementor-column elementor-col-33 elementor-top-column elementor-element elementor-element-6c137f34 exad-glass-effect-no exad-sticky-section-no\" data-id=\"6c137f34\" data-element_type=\"column\" data-e-type=\"column\">\n\t\t\t<div class=\"elementor-widget-wrap elementor-element-populated\">\n\t\t\t\t\t\t<div class=\"elementor-element elementor-element-434585c8 animated-fast exad-sticky-section-no exad-glass-effect-no elementor-widget elementor-widget-heading\" data-id=\"434585c8\" data-element_type=\"widget\" data-e-type=\"widget\" data-settings=\"{&quot;_animation&quot;:&quot;none&quot;}\" data-widget_type=\"heading.default\">\n\t\t\t\t<div class=\"elementor-widget-container\">\n\t\t\t\t\t<span class=\"elementor-heading-title elementor-size-default\">QUEM SOMOS<\/span>\t\t\t\t<\/div>\n\t\t\t\t<\/div>\n\t\t\t\t\t<\/div>\n\t\t<\/div>\n\t\t\t\t<div class=\"elementor-column elementor-col-33 elementor-top-column elementor-element elementor-element-ad02d21 exad-glass-effect-no exad-sticky-section-no\" data-id=\"ad02d21\" data-element_type=\"column\" data-e-type=\"column\">\n\t\t\t<div class=\"elementor-widget-wrap\">\n\t\t\t\t\t\t\t<\/div>\n\t\t<\/div>\n\t\t\t\t<div class=\"elementor-column elementor-col-33 elementor-top-column elementor-element elementor-element-570afa3e exad-glass-effect-no exad-sticky-section-no\" data-id=\"570afa3e\" data-element_type=\"column\" data-e-type=\"column\">\n\t\t\t<div class=\"elementor-widget-wrap\">\n\t\t\t\t\t\t\t<\/div>\n\t\t<\/div>\n\t\t\t\t\t<\/div>\n\t\t<\/section>\n\t\t\t\t<section class=\"elementor-section elementor-top-section elementor-element elementor-element-2f16e8ba elementor-section-content-middle elementor-section-boxed elementor-section-height-default elementor-section-height-default exad-glass-effect-no exad-sticky-section-no\" data-id=\"2f16e8ba\" data-element_type=\"section\" data-e-type=\"section\">\n\t\t\t\t\t\t<div class=\"elementor-container elementor-column-gap-no\">\n\t\t\t\t\t<div class=\"elementor-column elementor-col-50 elementor-top-column elementor-element elementor-element-41d95b14 exad-glass-effect-no exad-sticky-section-no\" data-id=\"41d95b14\" data-element_type=\"column\" data-e-type=\"column\">\n\t\t\t<div class=\"elementor-widget-wrap elementor-element-populated\">\n\t\t\t\t\t\t<div class=\"elementor-element elementor-element-52a22cc elementor-position-left elementor-vertical-align-middle exad-sticky-section-no exad-glass-effect-no elementor-widget elementor-widget-image-box\" data-id=\"52a22cc\" data-element_type=\"widget\" data-e-type=\"widget\" data-widget_type=\"image-box.default\">\n\t\t\t\t<div class=\"elementor-widget-container\">\n\t\t\t\t\t<div class=\"elementor-image-box-wrapper\"><figure class=\"elementor-image-box-img\"><img fetchpriority=\"high\" decoding=\"async\" width=\"260\" height=\"259\" src=\"https:\/\/iyengarbrasil.com\/wp-content\/uploads\/2022\/06\/ca.png\" class=\"attachment-full size-full wp-image-13141\" alt=\"\" srcset=\"https:\/\/iyengarbrasil.com\/wp-content\/uploads\/2022\/06\/ca.png 260w, https:\/\/iyengarbrasil.com\/wp-content\/uploads\/2022\/06\/ca-220x220.png 220w, https:\/\/iyengarbrasil.com\/wp-content\/uploads\/2022\/06\/ca-150x150.png 150w\" sizes=\"(max-width: 260px) 100vw, 260px\" \/><\/figure><div class=\"elementor-image-box-content\"><h3 class=\"elementor-image-box-title\">Pedro Pessoa<\/h3><p class=\"elementor-image-box-description\">CO-FOUNDER<\/p><\/div><\/div>\t\t\t\t<\/div>\n\t\t\t\t<\/div>\n\t\t\t\t<div class=\"elementor-element elementor-element-72afbad0 exad-sticky-section-no exad-glass-effect-no elementor-widget elementor-widget-text-editor\" data-id=\"72afbad0\" data-element_type=\"widget\" data-e-type=\"widget\" data-widget_type=\"text-editor.default\">\n\t\t\t\t<div class=\"elementor-widget-container\">\n\t\t\t\t\t\t\t\t\t<p>Sou formado em Engenharia Agron\u00f4mica pela UFSC e estudo Iyengar Yoga desde 1999. Em 2002\/2003 fiz minha primeira Forma\u00e7\u00e3o de Iyengar Yoga na \u00cdndia com Karin O\u2019Bannon e desde 2006 estudo com Faeq Biria e Corine Biria na Fran\u00e7a e Am\u00e9rica do Sul.<\/p><p>Viajei 10 anos consecutivos por dois meses para \u00cdndia para estudar com a fam\u00edlia Iyengar.<\/p><p>Ministrei um dos primeiros Cursos de Forma\u00e7\u00e3o Autorizados em Iyengar Yoga no Brasil e sigo at\u00e9 hoje mentorando praticantes nessa arte de ser professor.<\/p><p>\u00a0<\/p><p>\u00a0<\/p>\t\t\t\t\t\t\t\t<\/div>\n\t\t\t\t<\/div>\n\t\t\t\t\t<\/div>\n\t\t<\/div>\n\t\t\t\t<div class=\"elementor-column elementor-col-50 elementor-top-column elementor-element elementor-element-607d6898 exad-glass-effect-no exad-sticky-section-no\" data-id=\"607d6898\" data-element_type=\"column\" data-e-type=\"column\">\n\t\t\t<div class=\"elementor-widget-wrap elementor-element-populated\">\n\t\t\t\t\t\t<div class=\"elementor-element elementor-element-4937e17a elementor-position-left elementor-vertical-align-middle exad-sticky-section-no exad-glass-effect-no elementor-widget elementor-widget-image-box\" data-id=\"4937e17a\" data-element_type=\"widget\" data-e-type=\"widget\" data-widget_type=\"image-box.default\">\n\t\t\t\t<div class=\"elementor-widget-container\">\n\t\t\t\t\t<div class=\"elementor-image-box-wrapper\"><figure class=\"elementor-image-box-img\"><img decoding=\"async\" width=\"646\" height=\"633\" data-src=\"https:\/\/iyengarbrasil.com\/wp-content\/uploads\/2024\/12\/IMG_2473.jpg\" class=\"attachment-full size-full wp-image-18756 lazyload\" alt=\"\" data-srcset=\"https:\/\/iyengarbrasil.com\/wp-content\/uploads\/2024\/12\/IMG_2473.jpg 646w, https:\/\/iyengarbrasil.com\/wp-content\/uploads\/2024\/12\/IMG_2473-220x216.jpg 220w, https:\/\/iyengarbrasil.com\/wp-content\/uploads\/2024\/12\/IMG_2473-12x12.jpg 12w\" data-sizes=\"(max-width: 646px) 100vw, 646px\" src=\"data:image\/svg+xml;base64,PHN2ZyB3aWR0aD0iMSIgaGVpZ2h0PSIxIiB4bWxucz0iaHR0cDovL3d3dy53My5vcmcvMjAwMC9zdmciPjwvc3ZnPg==\" style=\"--smush-placeholder-width: 646px; --smush-placeholder-aspect-ratio: 646\/633;\" \/><\/figure><div class=\"elementor-image-box-content\"><h3 class=\"elementor-image-box-title\">Camila de Lucca<\/h3><p class=\"elementor-image-box-description\">PROFESSORA<\/p><\/div><\/div>\t\t\t\t<\/div>\n\t\t\t\t<\/div>\n\t\t\t\t<div class=\"elementor-element elementor-element-31e379a4 elementor-widget__width-initial exad-sticky-section-no exad-glass-effect-no elementor-widget elementor-widget-text-editor\" data-id=\"31e379a4\" data-element_type=\"widget\" data-e-type=\"widget\" data-widget_type=\"text-editor.default\">\n\t\t\t\t<div class=\"elementor-widget-container\">\n\t\t\t\t\t\t\t\t\t<p>Sou formada em Educa\u00e7\u00e3o F\u00edsica pela UFSC e estudo desde 1999 Iyengar Yoga.<br \/>Em 2002\/2003 fiz minha primeira Forma\u00e7\u00e3o de Iyengar Yoga na \u00cdndia com Karin O\u2019Bannon e desde 2007 estudo com Faeq Biria e Corine Biria na Fran\u00e7a.<br \/>De 2010 a 2018 fui para \u00cdndia pelo per\u00edodo de 2 meses a cada ano, para estudar com a fam\u00edlia Iyengar. Desde ent\u00e3o, sigo estudando com Corine Biria e Abhijata Iyengar.<br \/>Fundei e coordeno o Centro de Iyengar Yoga Florian\u00f3polis, onde ministro aulas e retiros.<br \/>Sou apaixonada pelos estudos das escrituras, como Yoga Sutras de Patanjali, Bhaghavad Gita e os principais Upanishad e busco integrar esses ensinamentos antigos aos nossos dias atuais.<\/p>\t\t\t\t\t\t\t\t<\/div>\n\t\t\t\t<\/div>\n\t\t\t\t\t<\/div>\n\t\t<\/div>\n\t\t\t\t\t<\/div>\n\t\t<\/section>\n\t\t\t\t<\/div>","protected":false},"excerpt":{"rendered":"<p>QUEM SOMOS Pedro Pessoa PROFESSOR Sou formado em Engenharia Agron\u00f4mica pela UFSC e estudo Iyengar Yoga desde 1999. Em 2002\/2003 fiz minha primeira Forma\u00e7\u00e3o de Iyengar Yoga na \u00cdndia com Karin O\u2019Bannon e desde 2006 estudo com Faeq Biria e Corine Biria na Fran\u00e7a e Am\u00e9rica do Sul. Viajei 10 anos consecutivos por dois meses [&hellip;]<\/p>\n","protected":false},"author":123,"featured_media":14390,"parent":0,"menu_order":0,"comment_status":"closed","ping_status":"closed","template":"elementor_header_footer","meta":{"_acf_changed":false,"ocean_post_layout":"","ocean_both_sidebars_style":"","ocean_both_sidebars_content_width":0,"ocean_both_sidebars_sidebars_width":0,"ocean_sidebar":"0","ocean_second_sidebar":"0","ocean_disable_margins":"enable","ocean_add_body_class":"","ocean_shortcode_before_top_bar":"","ocean_shortcode_after_top_bar":"","ocean_shortcode_before_header":"","ocean_shortcode_after_header":"","ocean_has_shortcode":"","ocean_shortcode_after_title":"","ocean_shortcode_before_footer_widgets":"","ocean_shortcode_after_footer_widgets":"","ocean_shortcode_before_footer_bottom":"","ocean_shortcode_after_footer_bottom":"","ocean_display_top_bar":"off","ocean_display_header":"on","ocean_header_style":"transparent","ocean_center_header_left_menu":"0","ocean_custom_header_template":"0","ocean_custom_logo":13353,"ocean_custom_retina_logo":13353,"ocean_custom_logo_max_width":0,"ocean_custom_logo_tablet_max_width":0,"ocean_custom_logo_mobile_max_width":0,"ocean_custom_logo_max_height":0,"ocean_custom_logo_tablet_max_height":0,"ocean_custom_logo_mobile_max_height":0,"ocean_header_custom_menu":"0","ocean_menu_typo_font_family":"0","ocean_menu_typo_font_subset":"","ocean_menu_typo_font_size":0,"ocean_menu_typo_font_size_tablet":0,"ocean_menu_typo_font_size_mobile":0,"ocean_menu_typo_font_size_unit":"px","ocean_menu_typo_font_weight":"","ocean_menu_typo_font_weight_tablet":"","ocean_menu_typo_font_weight_mobile":"","ocean_menu_typo_transform":"","ocean_menu_typo_transform_tablet":"","ocean_menu_typo_transform_mobile":"","ocean_menu_typo_line_height":0,"ocean_menu_typo_line_height_tablet":0,"ocean_menu_typo_line_height_mobile":0,"ocean_menu_typo_line_height_unit":"","ocean_menu_typo_spacing":0,"ocean_menu_typo_spacing_tablet":0,"ocean_menu_typo_spacing_mobile":0,"ocean_menu_typo_spacing_unit":"","ocean_menu_link_color":"#ffffff","ocean_menu_link_color_hover":"#03a9f4","ocean_menu_link_color_active":"#ffffff","ocean_menu_link_background":"","ocean_menu_link_hover_background":"","ocean_menu_link_active_background":"","ocean_menu_social_links_bg":"","ocean_menu_social_hover_links_bg":"","ocean_menu_social_links_color":"","ocean_menu_social_hover_links_color":"","ocean_disable_title":"default","ocean_disable_heading":"default","ocean_post_title":"","ocean_post_subheading":"","ocean_post_title_style":"","ocean_post_title_background_color":"","ocean_post_title_background":0,"ocean_post_title_bg_image_position":"","ocean_post_title_bg_image_attachment":"","ocean_post_title_bg_image_repeat":"","ocean_post_title_bg_image_size":"","ocean_post_title_height":0,"ocean_post_title_bg_overlay":0.5,"ocean_post_title_bg_overlay_color":"","ocean_disable_breadcrumbs":"default","ocean_breadcrumbs_color":"","ocean_breadcrumbs_separator_color":"","ocean_breadcrumbs_links_color":"","ocean_breadcrumbs_links_hover_color":"","ocean_display_footer_widgets":"default","ocean_display_footer_bottom":"default","ocean_custom_footer_template":"0","_joinchat":[],"footnotes":""},"class_list":["post-4058","page","type-page","status-publish","has-post-thumbnail","hentry","entry","has-media"],"acf":{"photo_gallery":{"top_slider_images":[[]]}},"yoast_head":"<!-- This site is optimized with the Yoast SEO plugin v27.4 - https:\/\/yoast.com\/product\/yoast-seo-wordpress\/ -->\n<title>Quem somos - Iyengar Brasil<\/title>\n<meta name=\"robots\" content=\"index, follow, max-snippet:-1, max-image-preview:large, max-video-preview:-1\" \/>\n<link rel=\"canonical\" href=\"https:\/\/iyengarbrasil.com\/en\/quem-somos\/\" \/>\n<meta property=\"og:locale\" content=\"en_US\" \/>\n<meta property=\"og:type\" content=\"article\" \/>\n<meta property=\"og:title\" content=\"Quem somos - Iyengar Brasil\" \/>\n<meta property=\"og:description\" content=\"QUEM SOMOS Pedro Pessoa PROFESSOR Sou formado em Engenharia Agron\u00f4mica pela UFSC e estudo Iyengar Yoga desde 1999. Em 2002\/2003 fiz minha primeira Forma\u00e7\u00e3o de Iyengar Yoga na \u00cdndia com Karin O\u2019Bannon e desde 2006 estudo com Faeq Biria e Corine Biria na Fran\u00e7a e Am\u00e9rica do Sul. Viajei 10 anos consecutivos por dois meses [&hellip;]\" \/>\n<meta property=\"og:url\" content=\"https:\/\/iyengarbrasil.com\/en\/quem-somos\/\" \/>\n<meta property=\"og:site_name\" content=\"Iyengar Brasil\" \/>\n<meta property=\"article:modified_time\" content=\"2024-12-26T14:20:13+00:00\" \/>\n<meta property=\"og:image\" content=\"https:\/\/iyengarbrasil.com\/wp-content\/uploads\/2022\/07\/P_20200110_084231-1024x777.png\" \/>\n\t<meta property=\"og:image:width\" content=\"1024\" \/>\n\t<meta property=\"og:image:height\" content=\"777\" \/>\n\t<meta property=\"og:image:type\" content=\"image\/png\" \/>\n<meta name=\"twitter:card\" content=\"summary_large_image\" \/>\n<meta name=\"twitter:label1\" content=\"Est. reading time\" \/>\n\t<meta name=\"twitter:data1\" content=\"2 minutes\" \/>\n<script type=\"application\/ld+json\" class=\"yoast-schema-graph\">{\"@context\":\"https:\\\/\\\/schema.org\",\"@graph\":[{\"@type\":\"WebPage\",\"@id\":\"https:\\\/\\\/iyengarbrasil.com\\\/quem-somos\\\/\",\"url\":\"https:\\\/\\\/iyengarbrasil.com\\\/quem-somos\\\/\",\"name\":\"Quem somos - Iyengar Brasil\",\"isPartOf\":{\"@id\":\"https:\\\/\\\/iyengarbrasil.com\\\/#website\"},\"primaryImageOfPage\":{\"@id\":\"https:\\\/\\\/iyengarbrasil.com\\\/quem-somos\\\/#primaryimage\"},\"image\":{\"@id\":\"https:\\\/\\\/iyengarbrasil.com\\\/quem-somos\\\/#primaryimage\"},\"thumbnailUrl\":\"https:\\\/\\\/iyengarbrasil.com\\\/wp-content\\\/uploads\\\/2022\\\/07\\\/P_20200110_084231.png\",\"datePublished\":\"2017-05-24T19:06:48+00:00\",\"dateModified\":\"2024-12-26T14:20:13+00:00\",\"breadcrumb\":{\"@id\":\"https:\\\/\\\/iyengarbrasil.com\\\/quem-somos\\\/#breadcrumb\"},\"inLanguage\":\"en-US\",\"potentialAction\":[{\"@type\":\"ReadAction\",\"target\":[\"https:\\\/\\\/iyengarbrasil.com\\\/quem-somos\\\/\"]}]},{\"@type\":\"ImageObject\",\"inLanguage\":\"en-US\",\"@id\":\"https:\\\/\\\/iyengarbrasil.com\\\/quem-somos\\\/#primaryimage\",\"url\":\"https:\\\/\\\/iyengarbrasil.com\\\/wp-content\\\/uploads\\\/2022\\\/07\\\/P_20200110_084231.png\",\"contentUrl\":\"https:\\\/\\\/iyengarbrasil.com\\\/wp-content\\\/uploads\\\/2022\\\/07\\\/P_20200110_084231.png\",\"width\":1905,\"height\":1446},{\"@type\":\"BreadcrumbList\",\"@id\":\"https:\\\/\\\/iyengarbrasil.com\\\/quem-somos\\\/#breadcrumb\",\"itemListElement\":[{\"@type\":\"ListItem\",\"position\":1,\"name\":\"In\u00edcio\",\"item\":\"https:\\\/\\\/iyengarbrasil.com\\\/\"},{\"@type\":\"ListItem\",\"position\":2,\"name\":\"Quem somos\"}]},{\"@type\":\"WebSite\",\"@id\":\"https:\\\/\\\/iyengarbrasil.com\\\/#website\",\"url\":\"https:\\\/\\\/iyengarbrasil.com\\\/\",\"name\":\"Iyengar Brasil\",\"description\":\"Centro Iyengar Yoga Florian\u00f3polis \\\/ Brasil\",\"publisher\":{\"@id\":\"https:\\\/\\\/iyengarbrasil.com\\\/#organization\"},\"potentialAction\":[{\"@type\":\"SearchAction\",\"target\":{\"@type\":\"EntryPoint\",\"urlTemplate\":\"https:\\\/\\\/iyengarbrasil.com\\\/?s={search_term_string}\"},\"query-input\":{\"@type\":\"PropertyValueSpecification\",\"valueRequired\":true,\"valueName\":\"search_term_string\"}}],\"inLanguage\":\"en-US\"},{\"@type\":\"Organization\",\"@id\":\"https:\\\/\\\/iyengarbrasil.com\\\/#organization\",\"name\":\"Iyengar Brasil\",\"url\":\"https:\\\/\\\/iyengarbrasil.com\\\/\",\"logo\":{\"@type\":\"ImageObject\",\"inLanguage\":\"en-US\",\"@id\":\"https:\\\/\\\/iyengarbrasil.com\\\/#\\\/schema\\\/logo\\\/image\\\/\",\"url\":\"https:\\\/\\\/iyengarbrasil.com\\\/wp-content\\\/uploads\\\/2022\\\/06\\\/cropped-logo@2x.png\",\"contentUrl\":\"https:\\\/\\\/iyengarbrasil.com\\\/wp-content\\\/uploads\\\/2022\\\/06\\\/cropped-logo@2x.png\",\"width\":401,\"height\":401,\"caption\":\"Iyengar Brasil\"},\"image\":{\"@id\":\"https:\\\/\\\/iyengarbrasil.com\\\/#\\\/schema\\\/logo\\\/image\\\/\"}}]}<\/script>\n<!-- \/ Yoast SEO plugin. -->","yoast_head_json":{"title":"Quem somos - Iyengar Brasil","robots":{"index":"index","follow":"follow","max-snippet":"max-snippet:-1","max-image-preview":"max-image-preview:large","max-video-preview":"max-video-preview:-1"},"canonical":"https:\/\/iyengarbrasil.com\/en\/quem-somos\/","og_locale":"en_US","og_type":"article","og_title":"Quem somos - Iyengar Brasil","og_description":"QUEM SOMOS Pedro Pessoa PROFESSOR Sou formado em Engenharia Agron\u00f4mica pela UFSC e estudo Iyengar Yoga desde 1999. Em 2002\/2003 fiz minha primeira Forma\u00e7\u00e3o de Iyengar Yoga na \u00cdndia com Karin O\u2019Bannon e desde 2006 estudo com Faeq Biria e Corine Biria na Fran\u00e7a e Am\u00e9rica do Sul. Viajei 10 anos consecutivos por dois meses [&hellip;]","og_url":"https:\/\/iyengarbrasil.com\/en\/quem-somos\/","og_site_name":"Iyengar Brasil","article_modified_time":"2024-12-26T14:20:13+00:00","og_image":[{"width":1024,"height":777,"url":"https:\/\/iyengarbrasil.com\/wp-content\/uploads\/2022\/07\/P_20200110_084231-1024x777.png","type":"image\/png"}],"twitter_card":"summary_large_image","twitter_misc":{"Est. reading time":"2 minutes"},"schema":{"@context":"https:\/\/schema.org","@graph":[{"@type":"WebPage","@id":"https:\/\/iyengarbrasil.com\/quem-somos\/","url":"https:\/\/iyengarbrasil.com\/quem-somos\/","name":"Quem somos - Iyengar Brasil","isPartOf":{"@id":"https:\/\/iyengarbrasil.com\/#website"},"primaryImageOfPage":{"@id":"https:\/\/iyengarbrasil.com\/quem-somos\/#primaryimage"},"image":{"@id":"https:\/\/iyengarbrasil.com\/quem-somos\/#primaryimage"},"thumbnailUrl":"https:\/\/iyengarbrasil.com\/wp-content\/uploads\/2022\/07\/P_20200110_084231.png","datePublished":"2017-05-24T19:06:48+00:00","dateModified":"2024-12-26T14:20:13+00:00","breadcrumb":{"@id":"https:\/\/iyengarbrasil.com\/quem-somos\/#breadcrumb"},"inLanguage":"en-US","potentialAction":[{"@type":"ReadAction","target":["https:\/\/iyengarbrasil.com\/quem-somos\/"]}]},{"@type":"ImageObject","inLanguage":"en-US","@id":"https:\/\/iyengarbrasil.com\/quem-somos\/#primaryimage","url":"https:\/\/iyengarbrasil.com\/wp-content\/uploads\/2022\/07\/P_20200110_084231.png","contentUrl":"https:\/\/iyengarbrasil.com\/wp-content\/uploads\/2022\/07\/P_20200110_084231.png","width":1905,"height":1446},{"@type":"BreadcrumbList","@id":"https:\/\/iyengarbrasil.com\/quem-somos\/#breadcrumb","itemListElement":[{"@type":"ListItem","position":1,"name":"In\u00edcio","item":"https:\/\/iyengarbrasil.com\/"},{"@type":"ListItem","position":2,"name":"Quem somos"}]},{"@type":"WebSite","@id":"https:\/\/iyengarbrasil.com\/#website","url":"https:\/\/iyengarbrasil.com\/","name":"Iyengar Brasil","description":"Centro Iyengar Yoga Florian\u00f3polis \/ Brasil","publisher":{"@id":"https:\/\/iyengarbrasil.com\/#organization"},"potentialAction":[{"@type":"SearchAction","target":{"@type":"EntryPoint","urlTemplate":"https:\/\/iyengarbrasil.com\/?s={search_term_string}"},"query-input":{"@type":"PropertyValueSpecification","valueRequired":true,"valueName":"search_term_string"}}],"inLanguage":"en-US"},{"@type":"Organization","@id":"https:\/\/iyengarbrasil.com\/#organization","name":"Iyengar Brasil","url":"https:\/\/iyengarbrasil.com\/","logo":{"@type":"ImageObject","inLanguage":"en-US","@id":"https:\/\/iyengarbrasil.com\/#\/schema\/logo\/image\/","url":"https:\/\/iyengarbrasil.com\/wp-content\/uploads\/2022\/06\/cropped-logo@2x.png","contentUrl":"https:\/\/iyengarbrasil.com\/wp-content\/uploads\/2022\/06\/cropped-logo@2x.png","width":401,"height":401,"caption":"Iyengar Brasil"},"image":{"@id":"https:\/\/iyengarbrasil.com\/#\/schema\/logo\/image\/"}}]}},"_links":{"self":[{"href":"https:\/\/iyengarbrasil.com\/en\/wp-json\/wp\/v2\/pages\/4058","targetHints":{"allow":["GET"]}}],"collection":[{"href":"https:\/\/iyengarbrasil.com\/en\/wp-json\/wp\/v2\/pages"}],"about":[{"href":"https:\/\/iyengarbrasil.com\/en\/wp-json\/wp\/v2\/types\/page"}],"author":[{"embeddable":true,"href":"https:\/\/iyengarbrasil.com\/en\/wp-json\/wp\/v2\/users\/123"}],"replies":[{"embeddable":true,"href":"https:\/\/iyengarbrasil.com\/en\/wp-json\/wp\/v2\/comments?post=4058"}],"version-history":[{"count":115,"href":"https:\/\/iyengarbrasil.com\/en\/wp-json\/wp\/v2\/pages\/4058\/revisions"}],"predecessor-version":[{"id":18764,"href":"https:\/\/iyengarbrasil.com\/en\/wp-json\/wp\/v2\/pages\/4058\/revisions\/18764"}],"wp:featuredmedia":[{"embeddable":true,"href":"https:\/\/iyengarbrasil.com\/en\/wp-json\/wp\/v2\/media\/14390"}],"wp:attachment":[{"href":"https:\/\/iyengarbrasil.com\/en\/wp-json\/wp\/v2\/media?parent=4058"}],"curies":[{"name":"wp","href":"https:\/\/api.w.org\/{rel}","templated":true}]}}